{"id":3995,"date":"2017-01-10T15:46:33","date_gmt":"2017-01-10T14:46:33","guid":{"rendered":"https:\/\/www.aromatica.hr\/kontakt\/"},"modified":"2023-04-17T09:33:18","modified_gmt":"2023-04-17T07:33:18","slug":"kontakt","status":"publish","type":"page","link":"https:\/\/www.aromatica.hr\/en\/kontakt\/","title":{"rendered":"Contact"},"content":{"rendered":"<div class=\"wpb-content-wrapper\"><p>[vc_row][vc_column width=&#8221;1\/2&#8243;]<div id=\"cz_58233\" class=\"cz_58233 cz_title clr cz_title_pos_inline\"><div class=\"cz_title_content\"><div class=\"cz_wpe_content\"><p style=\"text-align: left;\"><span style=\"font-family: inherit; font-size: 38px;\"><span style=\"font-weight: 900; color: #006869;\">Contact <\/span><span style=\"font-weight: 200; color: #002728;\">us<\/span> <\/span><\/p>\n<\/div><\/div><\/div>\n<div class=\"wpcf7 no-js\" id=\"wpcf7-f5583-o1\" lang=\"hr-HR\" dir=\"ltr\" data-wpcf7-id=\"5583\">\n<div class=\"screen-reader-response\"><p role=\"status\" aria-live=\"polite\" aria-atomic=\"true\"><\/p> <ul><\/ul><\/div>\n<form action=\"\/en\/wp-json\/wp\/v2\/pages\/3995#wpcf7-f5583-o1\" method=\"post\" class=\"wpcf7-form init\" aria-label=\"Contact form\" novalidate=\"novalidate\" data-status=\"init\">\n<div style=\"display: none;\">\n<input type=\"hidden\" name=\"_wpcf7\" value=\"5583\" \/>\n<input type=\"hidden\" name=\"_wpcf7_version\" value=\"6.0.6\" \/>\n<input type=\"hidden\" name=\"_wpcf7_locale\" value=\"hr_HR\" \/>\n<input type=\"hidden\" name=\"_wpcf7_unit_tag\" value=\"wpcf7-f5583-o1\" \/>\n<input type=\"hidden\" name=\"_wpcf7_container_post\" value=\"0\" \/>\n<input type=\"hidden\" name=\"_wpcf7_posted_data_hash\" value=\"\" \/>\n<\/div>\n<p><label><br \/>\n<span class=\"wpcf7-form-control-wrap\" data-name=\"your-name\"><input size=\"40\" maxlength=\"400\" class=\"wpcf7-form-control wpcf7-text wpcf7-validates-as-required\" aria-required=\"true\" aria-invalid=\"false\" placeholder=\"Your name\" value=\"\" type=\"text\" name=\"your-name\" \/><\/span> <\/label>\n<\/p>\n<p><label> <span class=\"wpcf7-form-control-wrap\" data-name=\"your-email\"><input size=\"40\" maxlength=\"400\" class=\"wpcf7-form-control wpcf7-email wpcf7-validates-as-required wpcf7-text wpcf7-validates-as-email\" aria-required=\"true\" aria-invalid=\"false\" placeholder=\"Your Email\" value=\"\" type=\"email\" name=\"your-email\" \/><\/span> <\/label>\n<\/p>\n<p><label> <span class=\"wpcf7-form-control-wrap\" data-name=\"your-subject\"><input size=\"40\" maxlength=\"400\" class=\"wpcf7-form-control wpcf7-text\" aria-invalid=\"false\" placeholder=\"Subject\" value=\"\" type=\"text\" name=\"your-subject\" \/><\/span> <\/label>\n<\/p>\n<p><label> <span class=\"wpcf7-form-control-wrap\" data-name=\"your-message\"><textarea cols=\"40\" rows=\"10\" maxlength=\"2000\" class=\"wpcf7-form-control wpcf7-textarea\" aria-invalid=\"false\" placeholder=\"Your message\" name=\"your-message\"><\/textarea><\/span> <\/label>\n<\/p>\n<p><input class=\"wpcf7-form-control wpcf7-submit has-spinner\" type=\"submit\" value=\"Send\" \/>\n<\/p><input type='hidden' class='wpcf7-pum' value='{\"closepopup\":false,\"closedelay\":0,\"openpopup\":false,\"openpopup_id\":0}' \/><div class=\"wpcf7-response-output\" aria-hidden=\"true\"><\/div>\n<\/form>\n<\/div>\n[\/vc_column][vc_column width=&#8221;1\/2&#8243;]<div id=\"cz_25539\" class=\"cz_25539 cz_title clr cz_title_pos_inline\"><div class=\"cz_title_content\"><div class=\"cz_wpe_content\"><p style=\"text-align: left;\"><span style=\"font-family: inherit; font-size: 32px;\"><span style=\"font-weight: 900; color: #006869;\">Aromatica shop <\/span><span style=\"font-weight: 200; color: #002728;\">Zagreb<\/span> <\/span><\/p>\n<\/div><\/div><\/div>[vc_row_inner content_placement=&#8221;middle&#8221;][vc_column_inner width=&#8221;1\/2&#8243;]<ul id=\"cz_105294\" class=\"cz_105294 cz_stylish_list clr cz_sl_icon_hover_zoom_in\"><li class=\"clr\"><a href=\"#\" rel=\"nofollow\" target=\"_blank\"><div class=\"cz_sl_icon\"><i class=\"fa czico-170-location mr10\"><\/i><\/div><div><span>Vla\u0161ka 15, 10000 Zagreb<\/span><\/div><\/a><\/li><li class=\"clr\"><a href=\"#\"><div class=\"cz_sl_icon\"><i class=\"fas fa-phone-alt mr10\"><\/i><\/div><div><span>01 4811 584<\/span><\/div><\/a><\/li><li class=\"clr\"><a href=\"#\"><div class=\"cz_sl_icon\"><i class=\"fas fa-envelope mr10\"><\/i><\/div><div><span>aromatica@aromatica.hr<\/span><\/div><\/a><\/li><\/ul>[\/vc_column_inner][vc_column_inner width=&#8221;1\/2&#8243;][vc_column_text]<strong>Open<\/strong>:<br \/>\nMon &#8211; Fri: 09:00am \u2013 08:00pm<br \/>\nSat: 09:00am \u2013 05:00pm<br \/>\nSun: close[\/vc_column_text][\/vc_column_inner][\/vc_row_inner]<div class=\"cz_gap clr \" style=\"height: 50px\"><\/div><div id=\"cz_69049\" class=\"cz_69049 cz_title clr cz_title_pos_inline\"><div class=\"cz_title_content\"><div class=\"cz_wpe_content\"><p><span style=\"font-size: 32px; color: #006869;\"><span style=\"font-weight: 500;\">Bioaromatica d.o.o. <\/span> <span style=\"font-weight: 200;\">Zagreb<\/span><\/span><\/p>\n<\/div><\/div><\/div>[vc_row_inner][vc_column_inner width=&#8221;1\/2&#8243;]<ul id=\"cz_33244\" class=\"cz_33244 cz_stylish_list clr cz_sl_icon_hover_zoom_in\"><li class=\"clr\"><div class=\"cz_sl_icon\"><i class=\"fa czico-170-location mr10\"><\/i><\/div><div><span>Samoborska cesta 145 <small>10 000 Zagreb<\/small><\/span><\/div><\/li><li class=\"clr\"><div class=\"cz_sl_icon\"><i class=\"fas fa-phone mr10\"><\/i><\/div><div><span>+385 1 34 96 904<small>phone<\/small><\/span><\/div><\/li><li class=\"clr\"><div class=\"cz_sl_icon\"><i class=\"fas fa-fax mr10\"><\/i><\/div><div><span>+385 1 3496 363<small>fax<\/small><\/span><\/div><\/li><\/ul>[\/vc_column_inner][vc_column_inner width=&#8221;1\/2&#8243;][vc_column_text]<strong>OIB<\/strong>: 22129714117<\/p>\n<p>\u017diro-ra\u010dun Zagreba\u010dka banka d.d.<br \/>\n<strong>IBAN<\/strong>: HR1223600001101802299<\/p>\n<p>\u017diro-ra\u010dun\u00a0 Addiko banka<br \/>\n<strong>IBAN<\/strong>: HR7225000091101007740[\/vc_column_text][\/vc_column_inner][\/vc_row_inner][\/vc_column][\/vc_row][vc_row][vc_column]<div class=\"cz_gap clr \" style=\"height: 50px\"><\/div>[\/vc_column][\/vc_row][vc_row][vc_column][vc_raw_html]JTNDaWZyYW1lJTIwc3JjJTNEJTIyaHR0cHMlM0ElMkYlMkZzbmF6enltYXBzLmNvbSUyRmVtYmVkJTJGOTQ3ODIlMjIlMjB3aWR0aCUzRCUyMjEwMCUyNSUyMiUyMGhlaWdodCUzRCUyMjYwMHB4JTIyJTIwc3R5bGUlM0QlMjJib3JkZXIlM0Fub25lJTNCJTIyJTNFJTNDJTJGaWZyYW1lJTNF[\/vc_raw_html][\/vc_column][\/vc_row]<\/p>\n<\/div>","protected":false},"excerpt":{"rendered":"<p>[vc_row][vc_column width=&#8221;1\/2&#8243;][\/vc_column][vc_column width=&#8221;1\/2&#8243;][vc_row_inner content_placement=&#8221;middle&#8221;][vc_column_inner width=&#8221;1\/2&#8243;][\/vc_column_inner][vc_column_inner width=&#8221;1\/2&#8243;][vc_column_text]Open: Mon &#8211; Fri: 09:00am \u2013 &#8230; <\/p>\n","protected":false},"author":1,"featured_media":0,"parent":0,"menu_order":0,"comment_status":"closed","ping_status":"closed","template":"","meta":{"inline_featured_image":false,"footnotes":""},"class_list":["post-3995","page","type-page","status-publish","hentry"],"acf":[],"yoast_head":"<!-- This site is optimized with the Yoast SEO plugin v25.3.1 - https:\/\/yoast.com\/wordpress\/plugins\/seo\/ -->\n<title>Contact - Aromatica<\/title>\n<meta name=\"robots\" content=\"index, follow, max-snippet:-1, max-image-preview:large, max-video-preview:-1\" \/>\n<link rel=\"canonical\" href=\"https:\/\/www.aromatica.hr\/en\/kontakt\/\" \/>\n<meta property=\"og:locale\" content=\"en_US\" \/>\n<meta property=\"og:type\" content=\"article\" \/>\n<meta property=\"og:title\" content=\"Contact - Aromatica\" \/>\n<meta property=\"og:description\" content=\"[vc_row][vc_column width=&#8221;1\/2&#8243;][\/vc_column][vc_column width=&#8221;1\/2&#8243;][vc_row_inner content_placement=&#8221;middle&#8221;][vc_column_inner width=&#8221;1\/2&#8243;][\/vc_column_inner][vc_column_inner width=&#8221;1\/2&#8243;][vc_column_text]Open: Mon &#8211; Fri: 09:00am \u2013 ...\" \/>\n<meta property=\"og:url\" content=\"https:\/\/www.aromatica.hr\/en\/kontakt\/\" \/>\n<meta property=\"og:site_name\" content=\"Aromatica\" \/>\n<meta property=\"article:publisher\" content=\"https:\/\/www.facebook.com\/aromatica.hr\/\" \/>\n<meta property=\"article:modified_time\" content=\"2023-04-17T07:33:18+00:00\" \/>\n<meta property=\"og:image\" content=\"https:\/\/www.aromatica.hr\/wp-content\/uploads\/2019\/09\/smilje2.jpg\" \/>\n\t<meta property=\"og:image:width\" content=\"3840\" \/>\n\t<meta property=\"og:image:height\" content=\"2560\" \/>\n\t<meta property=\"og:image:type\" content=\"image\/jpeg\" \/>\n<meta name=\"twitter:card\" content=\"summary_large_image\" \/>\n<meta name=\"twitter:label1\" content=\"Est. reading time\" \/>\n\t<meta name=\"twitter:data1\" content=\"2 minutes\" \/>\n<script type=\"application\/ld+json\" class=\"yoast-schema-graph\">{\"@context\":\"https:\/\/schema.org\",\"@graph\":[{\"@type\":\"WebPage\",\"@id\":\"https:\/\/www.aromatica.hr\/en\/kontakt\/\",\"url\":\"https:\/\/www.aromatica.hr\/en\/kontakt\/\",\"name\":\"Contact - Aromatica\",\"isPartOf\":{\"@id\":\"https:\/\/www.aromatica.hr\/#website\"},\"datePublished\":\"2017-01-10T14:46:33+00:00\",\"dateModified\":\"2023-04-17T07:33:18+00:00\",\"breadcrumb\":{\"@id\":\"https:\/\/www.aromatica.hr\/en\/kontakt\/#breadcrumb\"},\"inLanguage\":\"en-US\",\"potentialAction\":[{\"@type\":\"ReadAction\",\"target\":[\"https:\/\/www.aromatica.hr\/en\/kontakt\/\"]}]},{\"@type\":\"BreadcrumbList\",\"@id\":\"https:\/\/www.aromatica.hr\/en\/kontakt\/#breadcrumb\",\"itemListElement\":[{\"@type\":\"ListItem\",\"position\":1,\"name\":\"Po\u010detna stranica\",\"item\":\"https:\/\/www.aromatica.hr\/en\/\"},{\"@type\":\"ListItem\",\"position\":2,\"name\":\"Contact\"}]},{\"@type\":\"WebSite\",\"@id\":\"https:\/\/www.aromatica.hr\/#website\",\"url\":\"https:\/\/www.aromatica.hr\/\",\"name\":\"Aromatica shop\",\"description\":\"web shop\",\"publisher\":{\"@id\":\"https:\/\/www.aromatica.hr\/#organization\"},\"potentialAction\":[{\"@type\":\"SearchAction\",\"target\":{\"@type\":\"EntryPoint\",\"urlTemplate\":\"https:\/\/www.aromatica.hr\/?s={search_term_string}\"},\"query-input\":{\"@type\":\"PropertyValueSpecification\",\"valueRequired\":true,\"valueName\":\"search_term_string\"}}],\"inLanguage\":\"en-US\"},{\"@type\":\"Organization\",\"@id\":\"https:\/\/www.aromatica.hr\/#organization\",\"name\":\"Aromatica shop\",\"url\":\"https:\/\/www.aromatica.hr\/\",\"logo\":{\"@type\":\"ImageObject\",\"inLanguage\":\"en-US\",\"@id\":\"https:\/\/www.aromatica.hr\/#\/schema\/logo\/image\/\",\"url\":\"https:\/\/www.aromatica.hr\/wp-content\/uploads\/2019\/11\/aromatica.png\",\"contentUrl\":\"https:\/\/www.aromatica.hr\/wp-content\/uploads\/2019\/11\/aromatica.png\",\"width\":364,\"height\":200,\"caption\":\"Aromatica shop\"},\"image\":{\"@id\":\"https:\/\/www.aromatica.hr\/#\/schema\/logo\/image\/\"},\"sameAs\":[\"https:\/\/www.facebook.com\/aromatica.hr\/\",\"https:\/\/www.instagram.com\/aromatica_hr\/\"]}]}<\/script>\n<!-- \/ Yoast SEO plugin. -->","yoast_head_json":{"title":"Contact - Aromatica","robots":{"index":"index","follow":"follow","max-snippet":"max-snippet:-1","max-image-preview":"max-image-preview:large","max-video-preview":"max-video-preview:-1"},"canonical":"https:\/\/www.aromatica.hr\/en\/kontakt\/","og_locale":"en_US","og_type":"article","og_title":"Contact - Aromatica","og_description":"[vc_row][vc_column width=&#8221;1\/2&#8243;][\/vc_column][vc_column width=&#8221;1\/2&#8243;][vc_row_inner content_placement=&#8221;middle&#8221;][vc_column_inner width=&#8221;1\/2&#8243;][\/vc_column_inner][vc_column_inner width=&#8221;1\/2&#8243;][vc_column_text]Open: Mon &#8211; Fri: 09:00am \u2013 ...","og_url":"https:\/\/www.aromatica.hr\/en\/kontakt\/","og_site_name":"Aromatica","article_publisher":"https:\/\/www.facebook.com\/aromatica.hr\/","article_modified_time":"2023-04-17T07:33:18+00:00","og_image":[{"width":3840,"height":2560,"url":"https:\/\/www.aromatica.hr\/wp-content\/uploads\/2019\/09\/smilje2.jpg","type":"image\/jpeg"}],"twitter_card":"summary_large_image","twitter_misc":{"Est. reading time":"2 minutes"},"schema":{"@context":"https:\/\/schema.org","@graph":[{"@type":"WebPage","@id":"https:\/\/www.aromatica.hr\/en\/kontakt\/","url":"https:\/\/www.aromatica.hr\/en\/kontakt\/","name":"Contact - Aromatica","isPartOf":{"@id":"https:\/\/www.aromatica.hr\/#website"},"datePublished":"2017-01-10T14:46:33+00:00","dateModified":"2023-04-17T07:33:18+00:00","breadcrumb":{"@id":"https:\/\/www.aromatica.hr\/en\/kontakt\/#breadcrumb"},"inLanguage":"en-US","potentialAction":[{"@type":"ReadAction","target":["https:\/\/www.aromatica.hr\/en\/kontakt\/"]}]},{"@type":"BreadcrumbList","@id":"https:\/\/www.aromatica.hr\/en\/kontakt\/#breadcrumb","itemListElement":[{"@type":"ListItem","position":1,"name":"Po\u010detna stranica","item":"https:\/\/www.aromatica.hr\/en\/"},{"@type":"ListItem","position":2,"name":"Contact"}]},{"@type":"WebSite","@id":"https:\/\/www.aromatica.hr\/#website","url":"https:\/\/www.aromatica.hr\/","name":"Aromatica shop","description":"web shop","publisher":{"@id":"https:\/\/www.aromatica.hr\/#organization"},"potentialAction":[{"@type":"SearchAction","target":{"@type":"EntryPoint","urlTemplate":"https:\/\/www.aromatica.hr\/?s={search_term_string}"},"query-input":{"@type":"PropertyValueSpecification","valueRequired":true,"valueName":"search_term_string"}}],"inLanguage":"en-US"},{"@type":"Organization","@id":"https:\/\/www.aromatica.hr\/#organization","name":"Aromatica shop","url":"https:\/\/www.aromatica.hr\/","logo":{"@type":"ImageObject","inLanguage":"en-US","@id":"https:\/\/www.aromatica.hr\/#\/schema\/logo\/image\/","url":"https:\/\/www.aromatica.hr\/wp-content\/uploads\/2019\/11\/aromatica.png","contentUrl":"https:\/\/www.aromatica.hr\/wp-content\/uploads\/2019\/11\/aromatica.png","width":364,"height":200,"caption":"Aromatica shop"},"image":{"@id":"https:\/\/www.aromatica.hr\/#\/schema\/logo\/image\/"},"sameAs":["https:\/\/www.facebook.com\/aromatica.hr\/","https:\/\/www.instagram.com\/aromatica_hr\/"]}]}},"_links":{"self":[{"href":"https:\/\/www.aromatica.hr\/en\/wp-json\/wp\/v2\/pages\/3995","targetHints":{"allow":["GET"]}}],"collection":[{"href":"https:\/\/www.aromatica.hr\/en\/wp-json\/wp\/v2\/pages"}],"about":[{"href":"https:\/\/www.aromatica.hr\/en\/wp-json\/wp\/v2\/types\/page"}],"author":[{"embeddable":true,"href":"https:\/\/www.aromatica.hr\/en\/wp-json\/wp\/v2\/users\/1"}],"replies":[{"embeddable":true,"href":"https:\/\/www.aromatica.hr\/en\/wp-json\/wp\/v2\/comments?post=3995"}],"version-history":[{"count":3,"href":"https:\/\/www.aromatica.hr\/en\/wp-json\/wp\/v2\/pages\/3995\/revisions"}],"predecessor-version":[{"id":12489,"href":"https:\/\/www.aromatica.hr\/en\/wp-json\/wp\/v2\/pages\/3995\/revisions\/12489"}],"wp:attachment":[{"href":"https:\/\/www.aromatica.hr\/en\/wp-json\/wp\/v2\/media?parent=3995"}],"curies":[{"name":"wp","href":"https:\/\/api.w.org\/{rel}","templated":true}]}}