{"id":6765,"date":"2019-02-11T08:37:32","date_gmt":"2019-02-11T07:37:32","guid":{"rendered":"https:\/\/www.aromatica.hr\/?page_id=6765"},"modified":"2020-06-09T13:47:00","modified_gmt":"2020-06-09T11:47:00","slug":"muller-hrvatska","status":"publish","type":"page","link":"https:\/\/www.aromatica.hr\/en\/prodajna-mjesta\/muller-hrvatska\/","title":{"rendered":"M\u00fcller Croatia"},"content":{"rendered":"<div class=\"wpb-content-wrapper\"><p>[vc_row][vc_column][vc_tta_tabs style=&#8221;modern&#8221; spacing=&#8221;10&#8243; alignment=&#8221;center&#8221; active_section=&#8221;1&#8243; no_fill_content_area=&#8221;true&#8221;][vc_tta_section title=&#8221;Selling locations&#8221; tab_id=&#8221;Muller-HR-popis-trgovina&#8221;][vc_row_inner][vc_column_inner][vc_empty_space][vc_custom_heading text=&#8221;Zagreb, CC One East<br \/>\nZagreb, CC One West<br \/>\nZagreb, Trg Bana Josipa Jela\u010di\u0107a<br \/>\nZagreb, Avenue Mall<br \/>\nZagreb, Arena centar<br \/>\nZadar, City galerija<br \/>\nOsijek, Portanova<br \/>\nOsijek, Josipa Rhei Kira 36<br \/>\nSamobor, Shopping Gallery<br \/>\nPula, City Mall<br \/>\nRijeka, Tower centar<br \/>\nRijeka, Zvonimirova 3<br \/>\nSplit, Split 3 (Ru\u0111era Bo\u0161kovi\u0107a 18a)<br \/>\nSplit, Joker centar<br \/>\nSplit, City Centar One<br \/>\nMetkovi\u0107, Splitska ulica 57 e<br \/>\nPore\u010d, Ulica Mate Vla\u0161i\u0107a 46<br \/>\nKarlovac, Trg hrvatskih redarstvenika 1<br \/>\nVara\u017edin, Lumini centar<br \/>\nDubrovnik (Mlini), \u0161etali\u0161te dr. Franja Tu\u0111mana 2a<br \/>\nLjubljana \u0160i\u0161ka, Celov\u0161ka cesta 172 \u2013 180 &#8221; font_container=&#8221;tag:h4|text_align:center|color:%23023f3f&#8221; google_fonts=&#8221;font_family:Roboto%3A100%2C100italic%2C300%2C300italic%2Cregular%2Citalic%2C500%2C500italic%2C700%2C700italic%2C900%2C900italic|font_style:300%20light%20italic%3A300%3Aitalic&#8221; css_animation=&#8221;fadeIn&#8221;][vc_empty_space height=&#8221;20&#8243;][vc_raw_html]JTNDaWZyYW1lJTIwc3JjJTNEJTIyaHR0cHMlM0ElMkYlMkZzbmF6enltYXBzLmNvbSUyRmVtYmVkJTJGMTMyNTg3JTIyJTIwd2lkdGglM0QlMjIxMDAlMjUlMjIlMjBoZWlnaHQlM0QlMjI2MDBweCUyMiUyMHN0eWxlJTNEJTIyYm9yZGVyJTNBbm9uZSUzQiUyMiUzRSUzQyUyRmlmcmFtZSUzRQ==[\/vc_raw_html][\/vc_column_inner][\/vc_row_inner][\/vc_tta_section][vc_tta_section title=&#8221;Products&#8221; tab_id=&#8221;muller-HR-popis-proizvoda&#8221;][vc_row_inner][vc_column_inner][vc_empty_space][vc_custom_heading text=&#8221;<b>Creams<\/b><br \/>\nImmortelle cream 50 ml<br \/>\nMoisturising daily vitamin cream 50 ml<br \/>\nAnti wrinkle cream 25 ml<br \/>\nLavender cream 50 ml<br \/>\nRose cream 50 ml<br \/>\n<b>Serums<\/b><br \/>\nImmortelle serum 30 ml<br \/>\nRose serum 30 ml<br \/>\n<b>Massage and skin care oils<\/b><br \/>\nAnticellulite oil 100 ml<br \/>\nRelax oil 100 ml<br \/>\nAntistress oil 100 ml<br \/>\nLavender oil for skin care 100 ml<br \/>\nImmortelle oil for skin care 100 ml<br \/>\nAdriatic oil 100 ml<br \/>\nChamomile and lavender, gentle skin care oil 100 ml<br \/>\nSt. Jonh&#8217;s wort oil 100 ml<br \/>\nRose hip oil 30 ml<br \/>\nArgan oil 30 ml<br \/>\nNatural sunbathing and fast tanning oil 100 ml<br \/>\n<b>Floral water and tonics<\/b><br \/>\nRose water 100 ml<br \/>\nLavender floral water 100 ml<br \/>\nImmortelle floral water 100 ml<br \/>\n<b>Shampoo<\/b><br \/>\nShampoo for strength and growth 260 ml<br \/>\nGreasy hair shampoo 260 ml<br \/>\n<b>Essential oils<\/b><br \/>\nSilver pine essential oil 10 ml<br \/>\nCinnamon essential oil 10 ml<br \/>\nTea tree essential oil 10 ml<br \/>\nEucalyptus essential oil 10 ml<br \/>\nEucalyptus radiata essential oil 10 ml<br \/>\nLavender essential oil 10 ml<br \/>\nLemon essential oil 10 ml<br \/>\nTangerine essential oil 10 ml<br \/>\nOrange essential oil 10 ml<br \/>\nPeppermint essential oil 10 ml<br \/>\nRosemary essential oil 10 ml<br \/>\nBergamot essential oil 10 ml<br \/>\n<b>Natural insecticides<\/b><br \/>\nBiopy 500 ml&#8221; font_container=&#8221;tag:h4|text_align:center|color:%23023f3f&#8221; google_fonts=&#8221;font_family:Roboto%3A100%2C100italic%2C300%2C300italic%2Cregular%2Citalic%2C500%2C500italic%2C700%2C700italic%2C900%2C900italic|font_style:300%20light%20italic%3A300%3Aitalic&#8221; css_animation=&#8221;fadeIn&#8221;][vc_empty_space height=&#8221;20&#8243;][\/vc_column_inner][\/vc_row_inner][\/vc_tta_section][\/vc_tta_tabs][\/vc_column][\/vc_row]<\/p>\n<\/div>","protected":false},"excerpt":{"rendered":"<p>[vc_row][vc_column][vc_tta_tabs style=&#8221;modern&#8221; spacing=&#8221;10&#8243; alignment=&#8221;center&#8221; active_section=&#8221;1&#8243; no_fill_content_area=&#8221;true&#8221;][vc_tta_section title=&#8221;Selling locations&#8221; tab_id=&#8221;Muller-HR-popis-trgovina&#8221;][vc_row_inner][vc_column_inner][vc_empty_space][vc_custom_heading text=&#8221;Zagreb, CC &#8230; <\/p>\n","protected":false},"author":1,"featured_media":0,"parent":6742,"menu_order":0,"comment_status":"closed","ping_status":"closed","template":"","meta":{"inline_featured_image":false,"footnotes":""},"class_list":["post-6765","page","type-page","status-publish","hentry"],"acf":[],"yoast_head":"<!-- This site is optimized with the Yoast SEO plugin v25.3.1 - https:\/\/yoast.com\/wordpress\/plugins\/seo\/ -->\n<title>M\u00fcller Croatia - Aromatica<\/title>\n<meta name=\"robots\" content=\"index, follow, max-snippet:-1, max-image-preview:large, max-video-preview:-1\" \/>\n<link rel=\"canonical\" href=\"https:\/\/www.aromatica.hr\/en\/prodajna-mjesta\/muller-hrvatska\/\" \/>\n<meta property=\"og:locale\" content=\"en_US\" \/>\n<meta property=\"og:type\" content=\"article\" \/>\n<meta property=\"og:title\" content=\"M\u00fcller Croatia - Aromatica\" \/>\n<meta property=\"og:description\" content=\"[vc_row][vc_column][vc_tta_tabs style=&#8221;modern&#8221; spacing=&#8221;10&#8243; alignment=&#8221;center&#8221; active_section=&#8221;1&#8243; no_fill_content_area=&#8221;true&#8221;][vc_tta_section title=&#8221;Selling locations&#8221; tab_id=&#8221;Muller-HR-popis-trgovina&#8221;][vc_row_inner][vc_column_inner][vc_empty_space][vc_custom_heading text=&#8221;Zagreb, CC ...\" \/>\n<meta property=\"og:url\" content=\"https:\/\/www.aromatica.hr\/en\/prodajna-mjesta\/muller-hrvatska\/\" \/>\n<meta property=\"og:site_name\" content=\"Aromatica\" \/>\n<meta property=\"article:publisher\" content=\"https:\/\/www.facebook.com\/aromatica.hr\/\" \/>\n<meta property=\"article:modified_time\" content=\"2020-06-09T11:47:00+00:00\" \/>\n<meta property=\"og:image\" content=\"https:\/\/www.aromatica.hr\/wp-content\/uploads\/2019\/09\/smilje2.jpg\" \/>\n\t<meta property=\"og:image:width\" content=\"3840\" \/>\n\t<meta property=\"og:image:height\" content=\"2560\" \/>\n\t<meta property=\"og:image:type\" content=\"image\/jpeg\" \/>\n<meta name=\"twitter:card\" content=\"summary_large_image\" \/>\n<meta name=\"twitter:label1\" content=\"Est. reading time\" \/>\n\t<meta name=\"twitter:data1\" content=\"2 minutes\" \/>\n<script type=\"application\/ld+json\" class=\"yoast-schema-graph\">{\"@context\":\"https:\/\/schema.org\",\"@graph\":[{\"@type\":\"WebPage\",\"@id\":\"https:\/\/www.aromatica.hr\/en\/prodajna-mjesta\/muller-hrvatska\/\",\"url\":\"https:\/\/www.aromatica.hr\/en\/prodajna-mjesta\/muller-hrvatska\/\",\"name\":\"M\u00fcller Croatia - Aromatica\",\"isPartOf\":{\"@id\":\"https:\/\/www.aromatica.hr\/#website\"},\"datePublished\":\"2019-02-11T07:37:32+00:00\",\"dateModified\":\"2020-06-09T11:47:00+00:00\",\"breadcrumb\":{\"@id\":\"https:\/\/www.aromatica.hr\/en\/prodajna-mjesta\/muller-hrvatska\/#breadcrumb\"},\"inLanguage\":\"en-US\",\"potentialAction\":[{\"@type\":\"ReadAction\",\"target\":[\"https:\/\/www.aromatica.hr\/en\/prodajna-mjesta\/muller-hrvatska\/\"]}]},{\"@type\":\"BreadcrumbList\",\"@id\":\"https:\/\/www.aromatica.hr\/en\/prodajna-mjesta\/muller-hrvatska\/#breadcrumb\",\"itemListElement\":[{\"@type\":\"ListItem\",\"position\":1,\"name\":\"Po\u010detna stranica\",\"item\":\"https:\/\/www.aromatica.hr\/en\/\"},{\"@type\":\"ListItem\",\"position\":2,\"name\":\"Selling locations\",\"item\":\"https:\/\/www.aromatica.hr\/en\/prodajna-mjesta\/\"},{\"@type\":\"ListItem\",\"position\":3,\"name\":\"M\u00fcller Croatia\"}]},{\"@type\":\"WebSite\",\"@id\":\"https:\/\/www.aromatica.hr\/#website\",\"url\":\"https:\/\/www.aromatica.hr\/\",\"name\":\"Aromatica shop\",\"description\":\"web shop\",\"publisher\":{\"@id\":\"https:\/\/www.aromatica.hr\/#organization\"},\"potentialAction\":[{\"@type\":\"SearchAction\",\"target\":{\"@type\":\"EntryPoint\",\"urlTemplate\":\"https:\/\/www.aromatica.hr\/?s={search_term_string}\"},\"query-input\":{\"@type\":\"PropertyValueSpecification\",\"valueRequired\":true,\"valueName\":\"search_term_string\"}}],\"inLanguage\":\"en-US\"},{\"@type\":\"Organization\",\"@id\":\"https:\/\/www.aromatica.hr\/#organization\",\"name\":\"Aromatica shop\",\"url\":\"https:\/\/www.aromatica.hr\/\",\"logo\":{\"@type\":\"ImageObject\",\"inLanguage\":\"en-US\",\"@id\":\"https:\/\/www.aromatica.hr\/#\/schema\/logo\/image\/\",\"url\":\"https:\/\/www.aromatica.hr\/wp-content\/uploads\/2019\/11\/aromatica.png\",\"contentUrl\":\"https:\/\/www.aromatica.hr\/wp-content\/uploads\/2019\/11\/aromatica.png\",\"width\":364,\"height\":200,\"caption\":\"Aromatica shop\"},\"image\":{\"@id\":\"https:\/\/www.aromatica.hr\/#\/schema\/logo\/image\/\"},\"sameAs\":[\"https:\/\/www.facebook.com\/aromatica.hr\/\",\"https:\/\/www.instagram.com\/aromatica_hr\/\"]}]}<\/script>\n<!-- \/ Yoast SEO plugin. -->","yoast_head_json":{"title":"M\u00fcller Croatia - Aromatica","robots":{"index":"index","follow":"follow","max-snippet":"max-snippet:-1","max-image-preview":"max-image-preview:large","max-video-preview":"max-video-preview:-1"},"canonical":"https:\/\/www.aromatica.hr\/en\/prodajna-mjesta\/muller-hrvatska\/","og_locale":"en_US","og_type":"article","og_title":"M\u00fcller Croatia - Aromatica","og_description":"[vc_row][vc_column][vc_tta_tabs style=&#8221;modern&#8221; spacing=&#8221;10&#8243; alignment=&#8221;center&#8221; active_section=&#8221;1&#8243; no_fill_content_area=&#8221;true&#8221;][vc_tta_section title=&#8221;Selling locations&#8221; tab_id=&#8221;Muller-HR-popis-trgovina&#8221;][vc_row_inner][vc_column_inner][vc_empty_space][vc_custom_heading text=&#8221;Zagreb, CC ...","og_url":"https:\/\/www.aromatica.hr\/en\/prodajna-mjesta\/muller-hrvatska\/","og_site_name":"Aromatica","article_publisher":"https:\/\/www.facebook.com\/aromatica.hr\/","article_modified_time":"2020-06-09T11:47:00+00:00","og_image":[{"width":3840,"height":2560,"url":"https:\/\/www.aromatica.hr\/wp-content\/uploads\/2019\/09\/smilje2.jpg","type":"image\/jpeg"}],"twitter_card":"summary_large_image","twitter_misc":{"Est. reading time":"2 minutes"},"schema":{"@context":"https:\/\/schema.org","@graph":[{"@type":"WebPage","@id":"https:\/\/www.aromatica.hr\/en\/prodajna-mjesta\/muller-hrvatska\/","url":"https:\/\/www.aromatica.hr\/en\/prodajna-mjesta\/muller-hrvatska\/","name":"M\u00fcller Croatia - Aromatica","isPartOf":{"@id":"https:\/\/www.aromatica.hr\/#website"},"datePublished":"2019-02-11T07:37:32+00:00","dateModified":"2020-06-09T11:47:00+00:00","breadcrumb":{"@id":"https:\/\/www.aromatica.hr\/en\/prodajna-mjesta\/muller-hrvatska\/#breadcrumb"},"inLanguage":"en-US","potentialAction":[{"@type":"ReadAction","target":["https:\/\/www.aromatica.hr\/en\/prodajna-mjesta\/muller-hrvatska\/"]}]},{"@type":"BreadcrumbList","@id":"https:\/\/www.aromatica.hr\/en\/prodajna-mjesta\/muller-hrvatska\/#breadcrumb","itemListElement":[{"@type":"ListItem","position":1,"name":"Po\u010detna stranica","item":"https:\/\/www.aromatica.hr\/en\/"},{"@type":"ListItem","position":2,"name":"Selling locations","item":"https:\/\/www.aromatica.hr\/en\/prodajna-mjesta\/"},{"@type":"ListItem","position":3,"name":"M\u00fcller Croatia"}]},{"@type":"WebSite","@id":"https:\/\/www.aromatica.hr\/#website","url":"https:\/\/www.aromatica.hr\/","name":"Aromatica shop","description":"web shop","publisher":{"@id":"https:\/\/www.aromatica.hr\/#organization"},"potentialAction":[{"@type":"SearchAction","target":{"@type":"EntryPoint","urlTemplate":"https:\/\/www.aromatica.hr\/?s={search_term_string}"},"query-input":{"@type":"PropertyValueSpecification","valueRequired":true,"valueName":"search_term_string"}}],"inLanguage":"en-US"},{"@type":"Organization","@id":"https:\/\/www.aromatica.hr\/#organization","name":"Aromatica shop","url":"https:\/\/www.aromatica.hr\/","logo":{"@type":"ImageObject","inLanguage":"en-US","@id":"https:\/\/www.aromatica.hr\/#\/schema\/logo\/image\/","url":"https:\/\/www.aromatica.hr\/wp-content\/uploads\/2019\/11\/aromatica.png","contentUrl":"https:\/\/www.aromatica.hr\/wp-content\/uploads\/2019\/11\/aromatica.png","width":364,"height":200,"caption":"Aromatica shop"},"image":{"@id":"https:\/\/www.aromatica.hr\/#\/schema\/logo\/image\/"},"sameAs":["https:\/\/www.facebook.com\/aromatica.hr\/","https:\/\/www.instagram.com\/aromatica_hr\/"]}]}},"_links":{"self":[{"href":"https:\/\/www.aromatica.hr\/en\/wp-json\/wp\/v2\/pages\/6765","targetHints":{"allow":["GET"]}}],"collection":[{"href":"https:\/\/www.aromatica.hr\/en\/wp-json\/wp\/v2\/pages"}],"about":[{"href":"https:\/\/www.aromatica.hr\/en\/wp-json\/wp\/v2\/types\/page"}],"author":[{"embeddable":true,"href":"https:\/\/www.aromatica.hr\/en\/wp-json\/wp\/v2\/users\/1"}],"replies":[{"embeddable":true,"href":"https:\/\/www.aromatica.hr\/en\/wp-json\/wp\/v2\/comments?post=6765"}],"version-history":[{"count":0,"href":"https:\/\/www.aromatica.hr\/en\/wp-json\/wp\/v2\/pages\/6765\/revisions"}],"up":[{"embeddable":true,"href":"https:\/\/www.aromatica.hr\/en\/wp-json\/wp\/v2\/pages\/6742"}],"wp:attachment":[{"href":"https:\/\/www.aromatica.hr\/en\/wp-json\/wp\/v2\/media?parent=6765"}],"curies":[{"name":"wp","href":"https:\/\/api.w.org\/{rel}","templated":true}]}}