{"id":6772,"date":"2019-02-11T08:31:44","date_gmt":"2019-02-11T07:31:44","guid":{"rendered":"https:\/\/www.aromatica.hr\/?page_id=6772"},"modified":"2020-06-09T13:47:40","modified_gmt":"2020-06-09T11:47:40","slug":"muller-slovenija","status":"publish","type":"page","link":"https:\/\/www.aromatica.hr\/en\/prodajna-mjesta\/muller-slovenija\/","title":{"rendered":"Muller Slovenija"},"content":{"rendered":"<div class=\"wpb-content-wrapper\"><p>[vc_row][vc_column][vc_tta_tabs style=&#8221;modern&#8221; spacing=&#8221;10&#8243; alignment=&#8221;center&#8221; active_section=&#8221;1&#8243; no_fill_content_area=&#8221;true&#8221;][vc_tta_section title=&#8221;Popis trgovina&#8221; tab_id=&#8221;Muller-S-popis-trgovina&#8221;][vc_row_inner][vc_column_inner][vc_empty_space][vc_custom_heading text=&#8221;Koper, Ankaranska cesta 3\/a<br \/>\nKranj, Cesta 1. Maja 77<br \/>\nLjubljana BTC, \u0160martinska cesta 152<br \/>\nLjubljana \u010copova, \u010copova 40<br \/>\nLjubljana, Centar Rudnik<br \/>\nNova Gorica, Centar Qlandia<br \/>\nMurska Sobota, Slovenska ulica 31<br \/>\nDom\u017eale, Centar Arkadia Dom\u017eale<br \/>\nCelje, City Centar Celje<br \/>\nLjubljana \u0160i\u0161ka, Celov\u0161ka cesta 172 \u2013 180 &#8221; font_container=&#8221;tag:h4|text_align:center|color:%23023f3f&#8221; google_fonts=&#8221;font_family:Roboto%3A100%2C100italic%2C300%2C300italic%2Cregular%2Citalic%2C500%2C500italic%2C700%2C700italic%2C900%2C900italic|font_style:300%20light%20italic%3A300%3Aitalic&#8221; css_animation=&#8221;fadeIn&#8221;][vc_empty_space height=&#8221;20&#8243;][\/vc_column_inner][\/vc_row_inner][\/vc_tta_section][vc_tta_section title=&#8221;Popis proizvoda&#8221; tab_id=&#8221;muller-S-popis-proizvoda&#8221;][vc_row_inner][vc_column_inner][vc_empty_space][vc_custom_heading text=&#8221;<b>Hidrolati, tonici i vodice<\/b><br \/>\nHidrolat lavanda 100 ml<br \/>\nHidrolat smilja 100 ml<br \/>\n<b>Eteri\u010dna ulja<\/b><br \/>\nEt Bor 10 ml<br \/>\nEt Cimet 10 ml<br \/>\nEt \u010cajevac 10 ml<br \/>\nEt Eukaliptus 10 ml<br \/>\nEt Eukaliptus radiata 10 ml<br \/>\nEt Lavanda 10 ml<br \/>\nEt Limun 10 ml<br \/>\nEt Mandarina 10 ml<br \/>\nEt Baran\u010da 10 ml<br \/>\nEt Menta 10 ml<br \/>\nEt Ru\u017emarin 10 ml<br \/>\nEt Bergamot 10&#8243; font_container=&#8221;tag:h4|text_align:center|color:%23023f3f&#8221; google_fonts=&#8221;font_family:Roboto%3A100%2C100italic%2C300%2C300italic%2Cregular%2Citalic%2C500%2C500italic%2C700%2C700italic%2C900%2C900italic|font_style:300%20light%20italic%3A300%3Aitalic&#8221; css_animation=&#8221;fadeIn&#8221;][vc_empty_space height=&#8221;20&#8243;][\/vc_column_inner][\/vc_row_inner][\/vc_tta_section][\/vc_tta_tabs][\/vc_column][\/vc_row]<\/p>\n<\/div>","protected":false},"excerpt":{"rendered":"<p>[vc_row][vc_column][vc_tta_tabs style=&#8221;modern&#8221; spacing=&#8221;10&#8243; alignment=&#8221;center&#8221; active_section=&#8221;1&#8243; no_fill_content_area=&#8221;true&#8221;][vc_tta_section title=&#8221;Popis trgovina&#8221; tab_id=&#8221;Muller-S-popis-trgovina&#8221;][vc_row_inner][vc_column_inner][vc_empty_space][vc_custom_heading text=&#8221;Koper, Ankaranska &#8230; <\/p>\n","protected":false},"author":1,"featured_media":0,"parent":6742,"menu_order":0,"comment_status":"closed","ping_status":"closed","template":"","meta":{"inline_featured_image":false,"footnotes":""},"class_list":["post-6772","page","type-page","status-publish","hentry"],"acf":[],"yoast_head":"<!-- This site is optimized with the Yoast SEO plugin v25.3.1 - https:\/\/yoast.com\/wordpress\/plugins\/seo\/ -->\n<title>Muller Slovenija - Aromatica<\/title>\n<meta name=\"robots\" content=\"index, follow, max-snippet:-1, max-image-preview:large, max-video-preview:-1\" \/>\n<link rel=\"canonical\" href=\"https:\/\/www.aromatica.hr\/en\/prodajna-mjesta\/muller-slovenija\/\" \/>\n<meta property=\"og:locale\" content=\"en_US\" \/>\n<meta property=\"og:type\" content=\"article\" \/>\n<meta property=\"og:title\" content=\"Muller Slovenija - Aromatica\" \/>\n<meta property=\"og:description\" content=\"[vc_row][vc_column][vc_tta_tabs style=&#8221;modern&#8221; spacing=&#8221;10&#8243; alignment=&#8221;center&#8221; active_section=&#8221;1&#8243; no_fill_content_area=&#8221;true&#8221;][vc_tta_section title=&#8221;Popis trgovina&#8221; tab_id=&#8221;Muller-S-popis-trgovina&#8221;][vc_row_inner][vc_column_inner][vc_empty_space][vc_custom_heading text=&#8221;Koper, Ankaranska ...\" \/>\n<meta property=\"og:url\" content=\"https:\/\/www.aromatica.hr\/en\/prodajna-mjesta\/muller-slovenija\/\" \/>\n<meta property=\"og:site_name\" content=\"Aromatica\" \/>\n<meta property=\"article:publisher\" content=\"https:\/\/www.facebook.com\/aromatica.hr\/\" \/>\n<meta property=\"article:modified_time\" content=\"2020-06-09T11:47:40+00:00\" \/>\n<meta property=\"og:image\" content=\"https:\/\/www.aromatica.hr\/wp-content\/uploads\/2019\/09\/smilje2.jpg\" \/>\n\t<meta property=\"og:image:width\" content=\"3840\" \/>\n\t<meta property=\"og:image:height\" content=\"2560\" \/>\n\t<meta property=\"og:image:type\" content=\"image\/jpeg\" \/>\n<meta name=\"twitter:card\" content=\"summary_large_image\" \/>\n<meta name=\"twitter:label1\" content=\"Est. reading time\" \/>\n\t<meta name=\"twitter:data1\" content=\"1 minute\" \/>\n<script type=\"application\/ld+json\" class=\"yoast-schema-graph\">{\"@context\":\"https:\/\/schema.org\",\"@graph\":[{\"@type\":\"WebPage\",\"@id\":\"https:\/\/www.aromatica.hr\/en\/prodajna-mjesta\/muller-slovenija\/\",\"url\":\"https:\/\/www.aromatica.hr\/en\/prodajna-mjesta\/muller-slovenija\/\",\"name\":\"Muller Slovenija - Aromatica\",\"isPartOf\":{\"@id\":\"https:\/\/www.aromatica.hr\/#website\"},\"datePublished\":\"2019-02-11T07:31:44+00:00\",\"dateModified\":\"2020-06-09T11:47:40+00:00\",\"breadcrumb\":{\"@id\":\"https:\/\/www.aromatica.hr\/en\/prodajna-mjesta\/muller-slovenija\/#breadcrumb\"},\"inLanguage\":\"en-US\",\"potentialAction\":[{\"@type\":\"ReadAction\",\"target\":[\"https:\/\/www.aromatica.hr\/en\/prodajna-mjesta\/muller-slovenija\/\"]}]},{\"@type\":\"BreadcrumbList\",\"@id\":\"https:\/\/www.aromatica.hr\/en\/prodajna-mjesta\/muller-slovenija\/#breadcrumb\",\"itemListElement\":[{\"@type\":\"ListItem\",\"position\":1,\"name\":\"Po\u010detna stranica\",\"item\":\"https:\/\/www.aromatica.hr\/en\/\"},{\"@type\":\"ListItem\",\"position\":2,\"name\":\"Selling locations\",\"item\":\"https:\/\/www.aromatica.hr\/en\/prodajna-mjesta\/\"},{\"@type\":\"ListItem\",\"position\":3,\"name\":\"Muller Slovenija\"}]},{\"@type\":\"WebSite\",\"@id\":\"https:\/\/www.aromatica.hr\/#website\",\"url\":\"https:\/\/www.aromatica.hr\/\",\"name\":\"Aromatica shop\",\"description\":\"web shop\",\"publisher\":{\"@id\":\"https:\/\/www.aromatica.hr\/#organization\"},\"potentialAction\":[{\"@type\":\"SearchAction\",\"target\":{\"@type\":\"EntryPoint\",\"urlTemplate\":\"https:\/\/www.aromatica.hr\/?s={search_term_string}\"},\"query-input\":{\"@type\":\"PropertyValueSpecification\",\"valueRequired\":true,\"valueName\":\"search_term_string\"}}],\"inLanguage\":\"en-US\"},{\"@type\":\"Organization\",\"@id\":\"https:\/\/www.aromatica.hr\/#organization\",\"name\":\"Aromatica shop\",\"url\":\"https:\/\/www.aromatica.hr\/\",\"logo\":{\"@type\":\"ImageObject\",\"inLanguage\":\"en-US\",\"@id\":\"https:\/\/www.aromatica.hr\/#\/schema\/logo\/image\/\",\"url\":\"https:\/\/www.aromatica.hr\/wp-content\/uploads\/2019\/11\/aromatica.png\",\"contentUrl\":\"https:\/\/www.aromatica.hr\/wp-content\/uploads\/2019\/11\/aromatica.png\",\"width\":364,\"height\":200,\"caption\":\"Aromatica shop\"},\"image\":{\"@id\":\"https:\/\/www.aromatica.hr\/#\/schema\/logo\/image\/\"},\"sameAs\":[\"https:\/\/www.facebook.com\/aromatica.hr\/\",\"https:\/\/www.instagram.com\/aromatica_hr\/\"]}]}<\/script>\n<!-- \/ Yoast SEO plugin. -->","yoast_head_json":{"title":"Muller Slovenija - Aromatica","robots":{"index":"index","follow":"follow","max-snippet":"max-snippet:-1","max-image-preview":"max-image-preview:large","max-video-preview":"max-video-preview:-1"},"canonical":"https:\/\/www.aromatica.hr\/en\/prodajna-mjesta\/muller-slovenija\/","og_locale":"en_US","og_type":"article","og_title":"Muller Slovenija - Aromatica","og_description":"[vc_row][vc_column][vc_tta_tabs style=&#8221;modern&#8221; spacing=&#8221;10&#8243; alignment=&#8221;center&#8221; active_section=&#8221;1&#8243; no_fill_content_area=&#8221;true&#8221;][vc_tta_section title=&#8221;Popis trgovina&#8221; tab_id=&#8221;Muller-S-popis-trgovina&#8221;][vc_row_inner][vc_column_inner][vc_empty_space][vc_custom_heading text=&#8221;Koper, Ankaranska ...","og_url":"https:\/\/www.aromatica.hr\/en\/prodajna-mjesta\/muller-slovenija\/","og_site_name":"Aromatica","article_publisher":"https:\/\/www.facebook.com\/aromatica.hr\/","article_modified_time":"2020-06-09T11:47:40+00:00","og_image":[{"width":3840,"height":2560,"url":"https:\/\/www.aromatica.hr\/wp-content\/uploads\/2019\/09\/smilje2.jpg","type":"image\/jpeg"}],"twitter_card":"summary_large_image","twitter_misc":{"Est. reading time":"1 minute"},"schema":{"@context":"https:\/\/schema.org","@graph":[{"@type":"WebPage","@id":"https:\/\/www.aromatica.hr\/en\/prodajna-mjesta\/muller-slovenija\/","url":"https:\/\/www.aromatica.hr\/en\/prodajna-mjesta\/muller-slovenija\/","name":"Muller Slovenija - Aromatica","isPartOf":{"@id":"https:\/\/www.aromatica.hr\/#website"},"datePublished":"2019-02-11T07:31:44+00:00","dateModified":"2020-06-09T11:47:40+00:00","breadcrumb":{"@id":"https:\/\/www.aromatica.hr\/en\/prodajna-mjesta\/muller-slovenija\/#breadcrumb"},"inLanguage":"en-US","potentialAction":[{"@type":"ReadAction","target":["https:\/\/www.aromatica.hr\/en\/prodajna-mjesta\/muller-slovenija\/"]}]},{"@type":"BreadcrumbList","@id":"https:\/\/www.aromatica.hr\/en\/prodajna-mjesta\/muller-slovenija\/#breadcrumb","itemListElement":[{"@type":"ListItem","position":1,"name":"Po\u010detna stranica","item":"https:\/\/www.aromatica.hr\/en\/"},{"@type":"ListItem","position":2,"name":"Selling locations","item":"https:\/\/www.aromatica.hr\/en\/prodajna-mjesta\/"},{"@type":"ListItem","position":3,"name":"Muller Slovenija"}]},{"@type":"WebSite","@id":"https:\/\/www.aromatica.hr\/#website","url":"https:\/\/www.aromatica.hr\/","name":"Aromatica shop","description":"web shop","publisher":{"@id":"https:\/\/www.aromatica.hr\/#organization"},"potentialAction":[{"@type":"SearchAction","target":{"@type":"EntryPoint","urlTemplate":"https:\/\/www.aromatica.hr\/?s={search_term_string}"},"query-input":{"@type":"PropertyValueSpecification","valueRequired":true,"valueName":"search_term_string"}}],"inLanguage":"en-US"},{"@type":"Organization","@id":"https:\/\/www.aromatica.hr\/#organization","name":"Aromatica shop","url":"https:\/\/www.aromatica.hr\/","logo":{"@type":"ImageObject","inLanguage":"en-US","@id":"https:\/\/www.aromatica.hr\/#\/schema\/logo\/image\/","url":"https:\/\/www.aromatica.hr\/wp-content\/uploads\/2019\/11\/aromatica.png","contentUrl":"https:\/\/www.aromatica.hr\/wp-content\/uploads\/2019\/11\/aromatica.png","width":364,"height":200,"caption":"Aromatica shop"},"image":{"@id":"https:\/\/www.aromatica.hr\/#\/schema\/logo\/image\/"},"sameAs":["https:\/\/www.facebook.com\/aromatica.hr\/","https:\/\/www.instagram.com\/aromatica_hr\/"]}]}},"_links":{"self":[{"href":"https:\/\/www.aromatica.hr\/en\/wp-json\/wp\/v2\/pages\/6772","targetHints":{"allow":["GET"]}}],"collection":[{"href":"https:\/\/www.aromatica.hr\/en\/wp-json\/wp\/v2\/pages"}],"about":[{"href":"https:\/\/www.aromatica.hr\/en\/wp-json\/wp\/v2\/types\/page"}],"author":[{"embeddable":true,"href":"https:\/\/www.aromatica.hr\/en\/wp-json\/wp\/v2\/users\/1"}],"replies":[{"embeddable":true,"href":"https:\/\/www.aromatica.hr\/en\/wp-json\/wp\/v2\/comments?post=6772"}],"version-history":[{"count":0,"href":"https:\/\/www.aromatica.hr\/en\/wp-json\/wp\/v2\/pages\/6772\/revisions"}],"up":[{"embeddable":true,"href":"https:\/\/www.aromatica.hr\/en\/wp-json\/wp\/v2\/pages\/6742"}],"wp:attachment":[{"href":"https:\/\/www.aromatica.hr\/en\/wp-json\/wp\/v2\/media?parent=6772"}],"curies":[{"name":"wp","href":"https:\/\/api.w.org\/{rel}","templated":true}]}}