{"id":12686,"date":"2023-05-12T10:09:03","date_gmt":"2023-05-12T08:09:03","guid":{"rendered":"https:\/\/www.aromatica.hr\/?post_type=product&#038;p=12686"},"modified":"2025-07-29T08:27:20","modified_gmt":"2025-07-29T06:27:20","slug":"serum-haydropower","status":"publish","type":"product","link":"https:\/\/www.aromatica.hr\/en\/kategorije-proizvoda\/face-care\/serums\/serum-haydropower\/","title":{"rendered":"Hydropower serum 30 ml"},"content":{"rendered":"<p><strong>BENEFITS<\/strong><br \/>\n<strong>In this formulation, hyaluronic acid (Cube3)<\/strong> covers the activity of all three molecular weights (50-3000 kDa). Hyaluronates of low molecular weight are used for quick tightening, the so-called \u201clifting effect\u201d, hyaluronates of medium molecular weight are used to activate the more intense elastin synthesis in the skin, while hyaluronates of high molecular weight are used for skin hydration. Hyaluronic acid also enhances the skin&#8217;s ability to absorb active ingredients.<\/p>\n<p><strong>Red algae extract<\/strong> an extract obtained from red algae (Ahnfeltiopsis concinna). It forms a protective film over the skin that serves as a natural barrier against harmful external influences. Restores, protects, nourishes and moisturizes the skin.<\/p>\n<p><strong>Ceramides<\/strong> make up a significant portion (40%) of epidermal lipids, restore the skin&#8217;s damaged lipid barrier and help maintain the proper moisture retention balance.<\/p>\n<p><strong>D-panthenol<\/strong> (provitamin B5) improves skin hydration, stimulates regeneration and makes the skin soft and smooth.<\/p>\n<p><strong>Aloe vera gel<\/strong> hydrates, nourishes and soothes irritated, dry and sensitive skin. It stimulates regeneration and restores shine and suppleness to the skin.<\/p>\n<p><strong>APPLICATION<\/strong><\/p>\n<p>Suitable for all skin types. In the mornings and evenings, apply 4-5 drops of serum to cleansed skin, neck and d\u00e9colletage. Apply the cream after the serum and continue with your daily skincare routine. If you have sensitive skin, apply the cream first, followed by the serum.<\/p>\n","protected":false},"excerpt":{"rendered":"<p><strong>A serum enriched with hyaluronic acid, red algae gel, panthenol, glycerin, &#8230; <\/p>\n","protected":false},"featured_media":12700,"comment_status":"closed","ping_status":"closed","template":"","meta":{"inline_featured_image":false},"product_brand":[],"product_cat":[228],"product_tag":[],"class_list":{"0":"post-12686","1":"product","2":"type-product","3":"status-publish","4":"has-post-thumbnail","6":"product_cat-serums","8":"first","9":"instock","10":"shipping-taxable","11":"purchasable","12":"product-type-simple"},"acf":[],"yoast_head":"<!-- This site is optimized with the Yoast SEO plugin v25.3.1 - https:\/\/yoast.com\/wordpress\/plugins\/seo\/ -->\n<title>Hydropower serum 30 ml - Aromatica<\/title>\n<meta name=\"description\" content=\"Serum oboga\u0107en hijaluronskom kiselinom, gelom crvenih algi, pantenolom, glicerinom, ceramidima i gelom aloe vera. Brzo se upija, smanjuje pojavu bora, pobolj\u0161ava teksturu ko\u017ee, ja\u010da za\u0161titnu hidrolipidnu barijeru ko\u017ee i ostavlja ko\u017eu glatkom.\" \/>\n<meta name=\"robots\" content=\"index, follow, max-snippet:-1, max-image-preview:large, max-video-preview:-1\" \/>\n<link rel=\"canonical\" href=\"https:\/\/www.aromatica.hr\/en\/kategorije-proizvoda\/face-care\/serums\/serum-haydropower\/\" \/>\n<meta property=\"og:locale\" content=\"en_US\" \/>\n<meta property=\"og:type\" content=\"article\" \/>\n<meta property=\"og:title\" content=\"Hydropower serum 30 ml - Aromatica\" \/>\n<meta property=\"og:description\" content=\"Serum oboga\u0107en hijaluronskom kiselinom, gelom crvenih algi, pantenolom, glicerinom, ceramidima i gelom aloe vera. Brzo se upija, smanjuje pojavu bora, pobolj\u0161ava teksturu ko\u017ee, ja\u010da za\u0161titnu hidrolipidnu barijeru ko\u017ee i ostavlja ko\u017eu glatkom.\" \/>\n<meta property=\"og:url\" content=\"https:\/\/www.aromatica.hr\/en\/kategorije-proizvoda\/face-care\/serums\/serum-haydropower\/\" \/>\n<meta property=\"og:site_name\" content=\"Aromatica\" \/>\n<meta property=\"article:publisher\" content=\"https:\/\/www.facebook.com\/aromatica.hr\/\" \/>\n<meta property=\"article:modified_time\" content=\"2025-07-29T06:27:20+00:00\" \/>\n<meta property=\"og:image\" content=\"https:\/\/www.aromatica.hr\/wp-content\/uploads\/2023\/05\/hidro.png\" \/>\n\t<meta property=\"og:image:width\" content=\"900\" \/>\n\t<meta property=\"og:image:height\" content=\"900\" \/>\n\t<meta property=\"og:image:type\" content=\"image\/png\" \/>\n<meta name=\"twitter:card\" content=\"summary_large_image\" \/>\n<meta name=\"twitter:label1\" content=\"Est. reading time\" \/>\n\t<meta name=\"twitter:data1\" content=\"2 minutes\" \/>\n<script type=\"application\/ld+json\" class=\"yoast-schema-graph\">{\"@context\":\"https:\/\/schema.org\",\"@graph\":[{\"@type\":\"WebPage\",\"@id\":\"https:\/\/www.aromatica.hr\/en\/kategorije-proizvoda\/face-care\/serums\/serum-haydropower\/\",\"url\":\"https:\/\/www.aromatica.hr\/en\/kategorije-proizvoda\/face-care\/serums\/serum-haydropower\/\",\"name\":\"Hydropower serum 30 ml - Aromatica\",\"isPartOf\":{\"@id\":\"https:\/\/www.aromatica.hr\/#website\"},\"primaryImageOfPage\":{\"@id\":\"https:\/\/www.aromatica.hr\/en\/kategorije-proizvoda\/face-care\/serums\/serum-haydropower\/#primaryimage\"},\"image\":{\"@id\":\"https:\/\/www.aromatica.hr\/en\/kategorije-proizvoda\/face-care\/serums\/serum-haydropower\/#primaryimage\"},\"thumbnailUrl\":\"https:\/\/www.aromatica.hr\/wp-content\/uploads\/2023\/05\/hidro.png\",\"datePublished\":\"2023-05-12T08:09:03+00:00\",\"dateModified\":\"2025-07-29T06:27:20+00:00\",\"description\":\"Serum oboga\u0107en hijaluronskom kiselinom, gelom crvenih algi, pantenolom, glicerinom, ceramidima i gelom aloe vera. Brzo se upija, smanjuje pojavu bora, pobolj\u0161ava teksturu ko\u017ee, ja\u010da za\u0161titnu hidrolipidnu barijeru ko\u017ee i ostavlja ko\u017eu glatkom.\",\"breadcrumb\":{\"@id\":\"https:\/\/www.aromatica.hr\/en\/kategorije-proizvoda\/face-care\/serums\/serum-haydropower\/#breadcrumb\"},\"inLanguage\":\"en-US\",\"potentialAction\":[{\"@type\":\"ReadAction\",\"target\":[\"https:\/\/www.aromatica.hr\/en\/kategorije-proizvoda\/face-care\/serums\/serum-haydropower\/\"]}]},{\"@type\":\"ImageObject\",\"inLanguage\":\"en-US\",\"@id\":\"https:\/\/www.aromatica.hr\/en\/kategorije-proizvoda\/face-care\/serums\/serum-haydropower\/#primaryimage\",\"url\":\"https:\/\/www.aromatica.hr\/wp-content\/uploads\/2023\/05\/hidro.png\",\"contentUrl\":\"https:\/\/www.aromatica.hr\/wp-content\/uploads\/2023\/05\/hidro.png\",\"width\":900,\"height\":900},{\"@type\":\"BreadcrumbList\",\"@id\":\"https:\/\/www.aromatica.hr\/en\/kategorije-proizvoda\/face-care\/serums\/serum-haydropower\/#breadcrumb\",\"itemListElement\":[{\"@type\":\"ListItem\",\"position\":1,\"name\":\"Po\u010detna stranica\",\"item\":\"https:\/\/www.aromatica.hr\/en\/\"},{\"@type\":\"ListItem\",\"position\":2,\"name\":\"PRODUCTS\",\"item\":\"https:\/\/www.aromatica.hr\/en\/trgovina\/\"},{\"@type\":\"ListItem\",\"position\":3,\"name\":\"Hydropower serum 30 ml\"}]},{\"@type\":\"WebSite\",\"@id\":\"https:\/\/www.aromatica.hr\/#website\",\"url\":\"https:\/\/www.aromatica.hr\/\",\"name\":\"Aromatica shop\",\"description\":\"web shop\",\"publisher\":{\"@id\":\"https:\/\/www.aromatica.hr\/#organization\"},\"potentialAction\":[{\"@type\":\"SearchAction\",\"target\":{\"@type\":\"EntryPoint\",\"urlTemplate\":\"https:\/\/www.aromatica.hr\/?s={search_term_string}\"},\"query-input\":{\"@type\":\"PropertyValueSpecification\",\"valueRequired\":true,\"valueName\":\"search_term_string\"}}],\"inLanguage\":\"en-US\"},{\"@type\":\"Organization\",\"@id\":\"https:\/\/www.aromatica.hr\/#organization\",\"name\":\"Aromatica shop\",\"url\":\"https:\/\/www.aromatica.hr\/\",\"logo\":{\"@type\":\"ImageObject\",\"inLanguage\":\"en-US\",\"@id\":\"https:\/\/www.aromatica.hr\/#\/schema\/logo\/image\/\",\"url\":\"https:\/\/www.aromatica.hr\/wp-content\/uploads\/2019\/11\/aromatica.png\",\"contentUrl\":\"https:\/\/www.aromatica.hr\/wp-content\/uploads\/2019\/11\/aromatica.png\",\"width\":364,\"height\":200,\"caption\":\"Aromatica shop\"},\"image\":{\"@id\":\"https:\/\/www.aromatica.hr\/#\/schema\/logo\/image\/\"},\"sameAs\":[\"https:\/\/www.facebook.com\/aromatica.hr\/\",\"https:\/\/www.instagram.com\/aromatica_hr\/\"]}]}<\/script>\n<!-- \/ Yoast SEO plugin. -->","yoast_head_json":{"title":"Hydropower serum 30 ml - Aromatica","description":"Serum oboga\u0107en hijaluronskom kiselinom, gelom crvenih algi, pantenolom, glicerinom, ceramidima i gelom aloe vera. Brzo se upija, smanjuje pojavu bora, pobolj\u0161ava teksturu ko\u017ee, ja\u010da za\u0161titnu hidrolipidnu barijeru ko\u017ee i ostavlja ko\u017eu glatkom.","robots":{"index":"index","follow":"follow","max-snippet":"max-snippet:-1","max-image-preview":"max-image-preview:large","max-video-preview":"max-video-preview:-1"},"canonical":"https:\/\/www.aromatica.hr\/en\/kategorije-proizvoda\/face-care\/serums\/serum-haydropower\/","og_locale":"en_US","og_type":"article","og_title":"Hydropower serum 30 ml - Aromatica","og_description":"Serum oboga\u0107en hijaluronskom kiselinom, gelom crvenih algi, pantenolom, glicerinom, ceramidima i gelom aloe vera. Brzo se upija, smanjuje pojavu bora, pobolj\u0161ava teksturu ko\u017ee, ja\u010da za\u0161titnu hidrolipidnu barijeru ko\u017ee i ostavlja ko\u017eu glatkom.","og_url":"https:\/\/www.aromatica.hr\/en\/kategorije-proizvoda\/face-care\/serums\/serum-haydropower\/","og_site_name":"Aromatica","article_publisher":"https:\/\/www.facebook.com\/aromatica.hr\/","article_modified_time":"2025-07-29T06:27:20+00:00","og_image":[{"width":900,"height":900,"url":"https:\/\/www.aromatica.hr\/wp-content\/uploads\/2023\/05\/hidro.png","type":"image\/png"}],"twitter_card":"summary_large_image","twitter_misc":{"Est. reading time":"2 minutes"},"schema":{"@context":"https:\/\/schema.org","@graph":[{"@type":"WebPage","@id":"https:\/\/www.aromatica.hr\/en\/kategorije-proizvoda\/face-care\/serums\/serum-haydropower\/","url":"https:\/\/www.aromatica.hr\/en\/kategorije-proizvoda\/face-care\/serums\/serum-haydropower\/","name":"Hydropower serum 30 ml - Aromatica","isPartOf":{"@id":"https:\/\/www.aromatica.hr\/#website"},"primaryImageOfPage":{"@id":"https:\/\/www.aromatica.hr\/en\/kategorije-proizvoda\/face-care\/serums\/serum-haydropower\/#primaryimage"},"image":{"@id":"https:\/\/www.aromatica.hr\/en\/kategorije-proizvoda\/face-care\/serums\/serum-haydropower\/#primaryimage"},"thumbnailUrl":"https:\/\/www.aromatica.hr\/wp-content\/uploads\/2023\/05\/hidro.png","datePublished":"2023-05-12T08:09:03+00:00","dateModified":"2025-07-29T06:27:20+00:00","description":"Serum oboga\u0107en hijaluronskom kiselinom, gelom crvenih algi, pantenolom, glicerinom, ceramidima i gelom aloe vera. Brzo se upija, smanjuje pojavu bora, pobolj\u0161ava teksturu ko\u017ee, ja\u010da za\u0161titnu hidrolipidnu barijeru ko\u017ee i ostavlja ko\u017eu glatkom.","breadcrumb":{"@id":"https:\/\/www.aromatica.hr\/en\/kategorije-proizvoda\/face-care\/serums\/serum-haydropower\/#breadcrumb"},"inLanguage":"en-US","potentialAction":[{"@type":"ReadAction","target":["https:\/\/www.aromatica.hr\/en\/kategorije-proizvoda\/face-care\/serums\/serum-haydropower\/"]}]},{"@type":"ImageObject","inLanguage":"en-US","@id":"https:\/\/www.aromatica.hr\/en\/kategorije-proizvoda\/face-care\/serums\/serum-haydropower\/#primaryimage","url":"https:\/\/www.aromatica.hr\/wp-content\/uploads\/2023\/05\/hidro.png","contentUrl":"https:\/\/www.aromatica.hr\/wp-content\/uploads\/2023\/05\/hidro.png","width":900,"height":900},{"@type":"BreadcrumbList","@id":"https:\/\/www.aromatica.hr\/en\/kategorije-proizvoda\/face-care\/serums\/serum-haydropower\/#breadcrumb","itemListElement":[{"@type":"ListItem","position":1,"name":"Po\u010detna stranica","item":"https:\/\/www.aromatica.hr\/en\/"},{"@type":"ListItem","position":2,"name":"PRODUCTS","item":"https:\/\/www.aromatica.hr\/en\/trgovina\/"},{"@type":"ListItem","position":3,"name":"Hydropower serum 30 ml"}]},{"@type":"WebSite","@id":"https:\/\/www.aromatica.hr\/#website","url":"https:\/\/www.aromatica.hr\/","name":"Aromatica shop","description":"web shop","publisher":{"@id":"https:\/\/www.aromatica.hr\/#organization"},"potentialAction":[{"@type":"SearchAction","target":{"@type":"EntryPoint","urlTemplate":"https:\/\/www.aromatica.hr\/?s={search_term_string}"},"query-input":{"@type":"PropertyValueSpecification","valueRequired":true,"valueName":"search_term_string"}}],"inLanguage":"en-US"},{"@type":"Organization","@id":"https:\/\/www.aromatica.hr\/#organization","name":"Aromatica shop","url":"https:\/\/www.aromatica.hr\/","logo":{"@type":"ImageObject","inLanguage":"en-US","@id":"https:\/\/www.aromatica.hr\/#\/schema\/logo\/image\/","url":"https:\/\/www.aromatica.hr\/wp-content\/uploads\/2019\/11\/aromatica.png","contentUrl":"https:\/\/www.aromatica.hr\/wp-content\/uploads\/2019\/11\/aromatica.png","width":364,"height":200,"caption":"Aromatica shop"},"image":{"@id":"https:\/\/www.aromatica.hr\/#\/schema\/logo\/image\/"},"sameAs":["https:\/\/www.facebook.com\/aromatica.hr\/","https:\/\/www.instagram.com\/aromatica_hr\/"]}]}},"_links":{"self":[{"href":"https:\/\/www.aromatica.hr\/en\/wp-json\/wp\/v2\/product\/12686","targetHints":{"allow":["GET"]}}],"collection":[{"href":"https:\/\/www.aromatica.hr\/en\/wp-json\/wp\/v2\/product"}],"about":[{"href":"https:\/\/www.aromatica.hr\/en\/wp-json\/wp\/v2\/types\/product"}],"replies":[{"embeddable":true,"href":"https:\/\/www.aromatica.hr\/en\/wp-json\/wp\/v2\/comments?post=12686"}],"wp:featuredmedia":[{"embeddable":true,"href":"https:\/\/www.aromatica.hr\/en\/wp-json\/wp\/v2\/media\/12700"}],"wp:attachment":[{"href":"https:\/\/www.aromatica.hr\/en\/wp-json\/wp\/v2\/media?parent=12686"}],"wp:term":[{"taxonomy":"product_brand","embeddable":true,"href":"https:\/\/www.aromatica.hr\/en\/wp-json\/wp\/v2\/product_brand?post=12686"},{"taxonomy":"product_cat","embeddable":true,"href":"https:\/\/www.aromatica.hr\/en\/wp-json\/wp\/v2\/product_cat?post=12686"},{"taxonomy":"product_tag","embeddable":true,"href":"https:\/\/www.aromatica.hr\/en\/wp-json\/wp\/v2\/product_tag?post=12686"}],"curies":[{"name":"wp","href":"https:\/\/api.w.org\/{rel}","templated":true}]}}